{"id":112871,"date":"2022-07-07T15:04:02","date_gmt":"2022-07-07T15:04:02","guid":{"rendered":"https:\/\/isabelmarti.com\/inicio\/"},"modified":"2024-03-05T08:13:10","modified_gmt":"2024-03-05T08:13:10","slug":"inicio","status":"publish","type":"page","link":"https:\/\/isabelmarti.com\/es\/","title":{"rendered":"Inicio"},"content":{"rendered":"<div class=\"wpb-content-wrapper\"><p>[vc_row row_height_percent=\u00bb0&#8243; override_padding=\u00bbyes\u00bb h_padding=\u00bb2&#8243; top_padding=\u00bb7&#8243; bottom_padding=\u00bb7&#8243; overlay_alpha=\u00bb50&#8243; gutter_size=\u00bb3&#8243; column_width_percent=\u00bb100&#8243; shift_y=\u00bb0&#8243; z_index=\u00bb0&#8243; uncode_shortcode_id=\u00bb627725&#8243;][vc_column column_width_percent=\u00bb100&#8243; align_horizontal=\u00bbalign_center\u00bb gutter_size=\u00bb3&#8243; overlay_alpha=\u00bb50&#8243; shift_x=\u00bb0&#8243; shift_y=\u00bb0&#8243; shift_y_down=\u00bb0&#8243; z_index=\u00bb0&#8243; medium_width=\u00bb0&#8243; mobile_width=\u00bb0&#8243; width=\u00bb1\/1&#8243; uncode_shortcode_id=\u00bb489498&#8243;][vc_custom_heading heading_semantic=\u00bbh1&#8243; text_size=\u00bbfontsize-338686&#8243; uncode_shortcode_id=\u00bb188247&#8243; el_class=\u00bbffqbor\u00bb]Isabel Mart\u00ed_<span class=\"heading-text-highlight \" data-atts='{\"bg\":\"#ADB3B2\",\"height\":\"20%\",\"offset\":\"0.2em\",\"opacity\":\"1\",\"animated\":\"yes\"}'><span class=\"split-word uncode-rotating-span uncode-rotating-text-start\" data-text=\"dramaturga|directora|actriz\">&nbsp;<\/span><span class=\"split-word word1\"><span class=\"split-word-flow\"><span class=\"split-word-inner\"><span class=\"split-char char92\">a<\/span><span class=\"split-char char93\">c<\/span><span class=\"split-char char94\">t<\/span><span class=\"split-char char95\">r<\/span><span class=\"split-char char96\">i<\/span><span class=\"split-char char97\">z<\/span><\/span><\/span><\/span><span class=\"split-word uncode-rotating-span uncode-rotating-text-end\">&nbsp;<\/span><\/span>[\/vc_custom_heading][\/vc_column][\/vc_row][vc_row unlock_row_content=\u00bbyes\u00bb row_height_percent=\u00bb0&#8243; override_padding=\u00bbyes\u00bb h_padding=\u00bb3&#8243; top_padding=\u00bb5&#8243; bottom_padding=\u00bb5&#8243; overlay_alpha=\u00bb50&#8243; equal_height=\u00bbyes\u00bb gutter_size=\u00bb4&#8243; column_width_percent=\u00bb100&#8243; shift_y=\u00bb0&#8243; z_index=\u00bb0&#8243; enable_top_divider=\u00bbdefault\u00bb top_divider=\u00bbstep_1_2&#8243; shape_top_h_use_pixel=\u00bbtrue\u00bb shape_top_height_percent=\u00bb100&#8243; shape_top_color=\u00bbcolor-lxmt\u00bb shape_top_opacity=\u00bb100&#8243; shape_top_index=\u00bb0&#8243; uncode_shortcode_id=\u00bb418035&#8243; shape_top_color_type=\u00bbuncode-palette\u00bb][vc_column column_width_percent=\u00bb100&#8243; position_vertical=\u00bbmiddle\u00bb gutter_size=\u00bb3&#8243; overlay_alpha=\u00bb50&#8243; shift_x=\u00bb0&#8243; shift_y=\u00bb0&#8243; shift_y_down=\u00bb0&#8243; z_index=\u00bb0&#8243; medium_width=\u00bb2&#8243; mobile_width=\u00bb0&#8243; parallax_intensity=\u00bb5&#8243; width=\u00bb2\/12&#8243; uncode_shortcode_id=\u00bb131797&#8243;][vc_single_image media=\u00bb110929&#8243; media_width_percent=\u00bb100&#8243; media_ratio=\u00bbfive-four\u00bb uncode_shortcode_id=\u00bb632010&#8243;][\/vc_column][vc_column column_width_percent=\u00bb100&#8243; gutter_size=\u00bb3&#8243; font_family=\u00bbfont-175345&#8243; overlay_alpha=\u00bb50&#8243; shift_x=\u00bb0&#8243; shift_y=\u00bb0&#8243; shift_y_down=\u00bb0&#8243; z_index=\u00bb0&#8243; medium_width=\u00bb4&#8243; mobile_width=\u00bb0&#8243; parallax_intensity=\u00bb3&#8243; parallax_centered=\u00bbyes\u00bb width=\u00bb6\/12&#8243; uncode_shortcode_id=\u00bb200176&#8243;][vc_single_image media=\u00bb112249&#8243; media_width_percent=\u00bb100&#8243; media_ratio=\u00bbone-one\u00bb uncode_shortcode_id=\u00bb154882&#8243;][\/vc_column][vc_column column_width_percent=\u00bb100&#8243; position_vertical=\u00bbmiddle\u00bb gutter_size=\u00bb3&#8243; overlay_alpha=\u00bb50&#8243; shift_x=\u00bb0&#8243; shift_y=\u00bb0&#8243; shift_y_down=\u00bb0&#8243; z_index=\u00bb0&#8243; medium_width=\u00bb2&#8243; mobile_width=\u00bb0&#8243; parallax_intensity=\u00bb2&#8243; parallax_centered=\u00bbyes\u00bb width=\u00bb4\/12&#8243; uncode_shortcode_id=\u00bb144856&#8243;][vc_single_image media=\u00bb110923&#8243; media_width_percent=\u00bb100&#8243; media_ratio=\u00bbthree-two\u00bb uncode_shortcode_id=\u00bb123962&#8243;][uncode_vertical_text text_align=\u00bbtop\u00bb flip=\u00bbyes\u00bb vertical_text_h_pos=\u00bb-2&#8243; vertical_text_v_pos=\u00bb1&#8243; z_index=\u00bb10&#8243; uncode_shortcode_id=\u00bb602746&#8243;]<a href=\"https:\/\/isabelmarti.com\/es\/contacto\/\">Contacte \u2e3b<\/a>[\/uncode_vertical_text][\/vc_column][\/vc_row][vc_row row_height_percent=\u00bb0&#8243; back_color=\u00bbcolor-189298&#8243; back_image=\u00bb110955&#8243; back_repeat=\u00bbno-repeat\u00bb back_position=\u00bbright center\u00bb overlay_alpha=\u00bb50&#8243; gutter_size=\u00bb3&#8243; column_width_percent=\u00bb100&#8243; shift_y=\u00bb0&#8243; z_index=\u00bb0&#8243; uncode_shortcode_id=\u00bb127456&#8243; back_color_type=\u00bbuncode-palette\u00bb css=\u00bb.vc_custom_1661950614604{margin-top: 120px !important;margin-bottom: 120px !important;}\u00bb back_size=\u00bbcontain\u00bb el_id=\u00bbrow-unique-2&#8243;][vc_column column_width_percent=\u00bb100&#8243; gutter_size=\u00bb3&#8243; overlay_alpha=\u00bb50&#8243; shift_x=\u00bb0&#8243; shift_y=\u00bb0&#8243; shift_y_down=\u00bb0&#8243; z_index=\u00bb0&#8243; medium_width=\u00bb0&#8243; mobile_width=\u00bb0&#8243; width=\u00bb1\/2&#8243; uncode_shortcode_id=\u00bb540111&#8243; css=\u00bb.vc_custom_1657514805645{padding-top: 80px !important;padding-bottom: 80px !important;}\u00bb][vc_custom_heading text_color=\u00bbcolor-xsdn\u00bb text_size=\u00bb\u00bb uncode_shortcode_id=\u00bb711800&#8243; text_color_type=\u00bbuncode-palette\u00bb]<em>hola!<\/em>[\/vc_custom_heading][vc_column_text text_color=\u00bbcolor-xsdn\u00bb uncode_shortcode_id=\u00bb174522&#8243; text_color_type=\u00bbuncode-palette\u00bb css=\u00bb.vc_custom_1659069966371{margin-bottom: 30px !important;}\u00bb]Soy <strong>Isabel Mart\u00ed Piera<\/strong>, fil\u00f3loga y actriz de formaci\u00f3n, escritora porque respiro y directora porque&#8230; a\u00fan no lo tengo claro pero ya no podr\u00eda dejar de hacerlo. Hago teatro porque es la mejor forma que he encontrado de habitar el mundo, de entenderlo, de asumirlo. Y de contribuir.[\/vc_column_text][vc_button button_color=\u00bbcolor-189298&#8243; size=\u00bbbtn-sm\u00bb border_width=\u00bb0&#8243; display=\u00bbinline\u00bb top_margin=\u00bbyes\u00bb button_color_type=\u00bbuncode-palette\u00bb uncode_shortcode_id=\u00bb200016&#8243; link=\u00bburl:https%3A%2F%2Fisabelmarti.com%2Fes%2Factriz%2F|title:Actriz|\u00bb el_class=\u00bbbutton\u00bb]Actriz[\/vc_button][vc_button button_color=\u00bbcolor-189298&#8243; size=\u00bbbtn-sm\u00bb border_width=\u00bb0&#8243; display=\u00bbinline\u00bb top_margin=\u00bbyes\u00bb button_color_type=\u00bbuncode-palette\u00bb uncode_shortcode_id=\u00bb960840&#8243; link=\u00bburl:https%3A%2F%2Fisabelmarti.com%2Fes%2Fdramaturga%2F|title:Dramaturga|\u00bb el_class=\u00bbbutton\u00bb]Dramaturga[\/vc_button][vc_button button_color=\u00bbcolor-189298&#8243; size=\u00bbbtn-sm\u00bb border_width=\u00bb0&#8243; display=\u00bbinline\u00bb top_margin=\u00bbyes\u00bb button_color_type=\u00bbuncode-palette\u00bb uncode_shortcode_id=\u00bb666913&#8243; link=\u00bburl:https%3A%2F%2Fisabelmarti.com%2Fes%2Fdirectora%2F|title:Directora|\u00bb el_class=\u00bbbutton\u00bb]Directora[\/vc_button][\/vc_column][vc_column width=\u00bb1\/2&#8243;][\/vc_column][\/vc_row][vc_row row_height_percent=\u00bb0&#8243; override_padding=\u00bbyes\u00bb h_padding=\u00bb2&#8243; top_padding=\u00bb5&#8243; bottom_padding=\u00bb5&#8243; back_image=\u00bb110981&#8243; back_repeat=\u00bbno-repeat\u00bb back_position=\u00bbright center\u00bb overlay_alpha=\u00bb50&#8243; gutter_size=\u00bb4&#8243; column_width_percent=\u00bb100&#8243; shift_y=\u00bb0&#8243; z_index=\u00bb0&#8243; uncode_shortcode_id=\u00bb147014&#8243; back_size=\u00bbcontain\u00bb el_id=\u00bbrow-unique-3&#8243;][vc_column column_width_percent=\u00bb100&#8243; gutter_size=\u00bb3&#8243; overlay_alpha=\u00bb50&#8243; shift_x=\u00bb0&#8243; shift_y=\u00bb0&#8243; shift_y_down=\u00bb0&#8243; z_index=\u00bb0&#8243; medium_width=\u00bb4&#8243; mobile_width=\u00bb0&#8243; width=\u00bb6\/12&#8243; el_class=\u00bbimage-card image-card-triple\u00bb uncode_shortcode_id=\u00bb156845&#8243;][vc_single_image media=\u00bb110917&#8243; media_width_percent=\u00bb100&#8243; media_ratio=\u00bbone-one\u00bb alignment=\u00bbright\u00bb uncode_shortcode_id=\u00bb123957&#8243;][vc_single_image media=\u00bb110927&#8243; media_width_percent=\u00bb100&#8243; media_ratio=\u00bbone-one\u00bb alignment=\u00bbright\u00bb css_animation=\u00bbparallax\u00bb parallax_intensity=\u00bb2&#8243; uncode_shortcode_id=\u00bb122029&#8243;][vc_single_image media=\u00bb110931&#8243; media_width_percent=\u00bb100&#8243; media_ratio=\u00bbone-one\u00bb alignment=\u00bbright\u00bb css_animation=\u00bbparallax\u00bb parallax_intensity=\u00bb3&#8243; uncode_shortcode_id=\u00bb125971&#8243;][uncode_vertical_text vertical_text_h_pos=\u00bb-1&#8243; z_index=\u00bb0&#8243; medium_visibility=\u00bbyes\u00bb mobile_visibility=\u00bbyes\u00bb uncode_shortcode_id=\u00bb134833&#8243;]<a href=\"https:\/\/isabelmarti.com\/es\/agenda\/\">\u2e3b Agenda<\/a>[\/uncode_vertical_text][\/vc_column][vc_column column_width_percent=\u00bb100&#8243; position_horizontal=\u00bbleft\u00bb gutter_size=\u00bb3&#8243; overlay_alpha=\u00bb50&#8243; shift_x=\u00bb0&#8243; shift_y=\u00bb0&#8243; shift_y_down=\u00bb0&#8243; z_index=\u00bb0&#8243; medium_width=\u00bb4&#8243; align_mobile=\u00bbalign_center_mobile\u00bb mobile_width=\u00bb0&#8243; width=\u00bb6\/12&#8243; uncode_shortcode_id=\u00bb717342&#8243;][vc_column_text uncode_shortcode_id=\u00bb103144&#8243;]_<\/p>\n<p><em>\u201ctant si vost\u00e8 ho permet o com si no<\/em><br \/>\n<em>aquest \u00e9s el meu lloc<\/em><br \/>\n<em>aquest \u00e9s el meu lloc i el lloc dels meus.\u201d<\/em>[\/vc_column_text][vc_button button_color=\u00bbcolor-xsdn\u00bb size=\u00bbbtn-sm\u00bb border_width=\u00bb0&#8243; display=\u00bbinline\u00bb link=\u00bburl:%23cv|title:CV\u00bb button_color_type=\u00bbuncode-palette\u00bb icon=\u00bbfa fa-long-arrow-down\u00bb uncode_shortcode_id=\u00bb893542&#8243; el_class=\u00bbtext-button cv special sg-popup-id-112798&#8243;]CV[\/vc_button][vc_raw_html]JTVCc2dfcG9wdXAlMjBpZCUzRDExMjc5OCU1RA==[\/vc_raw_html][\/vc_column][\/vc_row][vc_row row_height_percent=\u00bb0&#8243; back_color=\u00bbcolor-189298&#8243; overlay_alpha=\u00bb50&#8243; gutter_size=\u00bb3&#8243; column_width_percent=\u00bb100&#8243; shift_y=\u00bb0&#8243; z_index=\u00bb0&#8243; uncode_shortcode_id=\u00bb825688&#8243; back_color_type=\u00bbuncode-palette\u00bb css=\u00bb.vc_custom_1657517678869{margin-top: 120px !important;margin-bottom: 120px !important;}\u00bb][vc_column column_width_percent=\u00bb100&#8243; gutter_size=\u00bb3&#8243; overlay_alpha=\u00bb50&#8243; shift_x=\u00bb0&#8243; shift_y=\u00bb0&#8243; shift_y_down=\u00bb0&#8243; z_index=\u00bb0&#8243; medium_width=\u00bb0&#8243; mobile_width=\u00bb0&#8243; width=\u00bb1\/2&#8243; uncode_shortcode_id=\u00bb540111&#8243; css=\u00bb.vc_custom_1657514805645{padding-top: 80px !important;padding-bottom: 80px !important;}\u00bb][uncode_index el_id=\u00bbindex-1-686&#8243; index_type=\u00bbtable\u00bb loop=\u00bbsize:-1|order_by:date|order:ASC|post_type:eventos|taxonomy_count:10&#8243; gutter_size=\u00bb3&#8243; table_v_align=\u00bbmiddle\u00bb table_border=\u00bbyes\u00bb table_click_row=\u00bbyes\u00bb table_hover=\u00bbopacity-inverted\u00bb post_table_items=\u00bbdate,col-one|2,title,spacer|two,text|excerpt,col-two|10&#8243; portfolio_table_items=\u00bbcol-one|4,title,col-two|3,date,col-three|3,category|nobg|relative|display-icon,col-four|2,link|default|default_size|Discover \u2192\u00bb eventos_table_items=\u00bbcol-one|4,title,col-two|2,date,col-three|4,text|excerpt,col-four|2,link|link|small_size|scale_mobile|Veure,icon|df\u00bb table_images_size=\u00bbone-one\u00bb single_style=\u00bbdark\u00bb single_shape=\u00bbcircle\u00bb single_overlay_opacity=\u00bb10&#8243; single_image_magnetic=\u00bbyes\u00bb single_table_last_align=\u00bbright\u00bb single_padding=\u00bb3&#8243; single_title_dimension=\u00bbh5&#8243; single_title_weight=\u00bb400&#8243; single_title_transform=\u00bbuppercase\u00bb single_title_height=\u00bbfontheight-357766&#8243; table_general_typo=\u00bbyes\u00bb single_text_lead=\u00bbyes\u00bb single_shadow=\u00bbyes\u00bb shadow_weight=\u00bbsm\u00bb table_display_tablet=\u00bbyes\u00bb custom_cursor=\u00bblight\u00bb uncode_shortcode_id=\u00bb178204&#8243; single_icon=\u00bbfa fa-arrow-right4&#8243; el_class=\u00bb.agenda-table\u00bb][\/vc_column][\/vc_row][vc_row row_height_percent=\u00bb0&#8243; overlay_alpha=\u00bb50&#8243; gutter_size=\u00bb3&#8243; column_width_percent=\u00bb100&#8243; shift_y=\u00bb0&#8243; z_index=\u00bb0&#8243; uncode_shortcode_id=\u00bb100197&#8243; css=\u00bb.vc_custom_1657606027367{margin-bottom: 120px !important;}\u00bb][vc_column width=\u00bb1\/1&#8243;][vc_accordion history=\u00bbyes\u00bb target=\u00bbrow\u00bb typography=\u00bbyes\u00bb sign=\u00bbplus\u00bb active_tab=\u00bb-1&#8243;][vc_accordion_tab gutter_size=\u00bb2&#8243; column_padding=\u00bb2&#8243; title=\u00bbOtros trabajos y encargos\u00bb tab_id=\u00bb9346230d-a835-91657605936075&#8243; slug=\u00bbweb-awards\u00bb][vc_column_text uncode_shortcode_id=\u00bb165298&#8243;]<span style=\"font-weight: 400;\">No es mi actividad principal pero tambi\u00e9n he llevado a cabo encargos de dise\u00f1o, escritura y conducci\u00f3n de galas, presentaciones de actos y ceremonias civiles.<\/span>[\/vc_column_text][\/vc_accordion_tab][\/vc_accordion][\/vc_column][\/vc_row]<\/p>\n<\/div>","protected":false},"excerpt":{"rendered":"[vc_row row_height_percent=\u00bb0&#8243; override_padding=\u00bbyes\u00bb h_padding=\u00bb2&#8243; top_padding=\u00bb7&#8243; bottom_padding=\u00bb7&#8243; overlay_alpha=\u00bb50&#8243; gutter_size=\u00bb3&#8243; column_width_percent=\u00bb100&#8243; shift_y=\u00bb0&#8243; z_index=\u00bb0&#8243; uncode_shortcode_id=\u00bb627725&#8243;][vc_column column_width_percent=\u00bb100&#8243; align_horizontal=\u00bbalign_center\u00bb gutter_size=\u00bb3&#8243; overlay_alpha=\u00bb50&#8243; shift_x=\u00bb0&#8243; shift_y=\u00bb0&#8243; shift_y_down=\u00bb0&#8243; z_index=\u00bb0&#8243; [&hellip;]","protected":false},"author":1,"featured_media":0,"parent":0,"menu_order":0,"comment_status":"closed","ping_status":"closed","template":"","meta":{"_acf_changed":false,"inline_featured_image":false,"footnotes":"","_links_to":"","_links_to_target":""},"class_list":["post-112871","page","type-page","status-publish","hentry"],"acf":[],"_links":{"self":[{"href":"https:\/\/isabelmarti.com\/es\/wp-json\/wp\/v2\/pages\/112871","targetHints":{"allow":["GET"]}}],"collection":[{"href":"https:\/\/isabelmarti.com\/es\/wp-json\/wp\/v2\/pages"}],"about":[{"href":"https:\/\/isabelmarti.com\/es\/wp-json\/wp\/v2\/types\/page"}],"author":[{"embeddable":true,"href":"https:\/\/isabelmarti.com\/es\/wp-json\/wp\/v2\/users\/1"}],"replies":[{"embeddable":true,"href":"https:\/\/isabelmarti.com\/es\/wp-json\/wp\/v2\/comments?post=112871"}],"version-history":[{"count":29,"href":"https:\/\/isabelmarti.com\/es\/wp-json\/wp\/v2\/pages\/112871\/revisions"}],"predecessor-version":[{"id":113364,"href":"https:\/\/isabelmarti.com\/es\/wp-json\/wp\/v2\/pages\/112871\/revisions\/113364"}],"wp:attachment":[{"href":"https:\/\/isabelmarti.com\/es\/wp-json\/wp\/v2\/media?parent=112871"}],"curies":[{"name":"wp","href":"https:\/\/api.w.org\/{rel}","templated":true}]}}