{"id":112807,"date":"2022-07-27T12:54:30","date_gmt":"2022-07-27T12:54:30","guid":{"rendered":"https:\/\/isabelmarti.com\/directora\/"},"modified":"2022-08-24T18:59:24","modified_gmt":"2022-08-24T18:59:24","slug":"directora","status":"publish","type":"page","link":"https:\/\/isabelmarti.com\/es\/directora\/","title":{"rendered":"Directora"},"content":{"rendered":"<div class=\"wpb-content-wrapper\"><p>[vc_row unlock_row_content=\u00bbyes\u00bb row_height_percent=\u00bb0&#8243; override_padding=\u00bbyes\u00bb h_padding=\u00bb3&#8243; top_padding=\u00bb3&#8243; bottom_padding=\u00bb3&#8243; overlay_alpha=\u00bb100&#8243; gutter_size=\u00bb100&#8243; column_width_percent=\u00bb100&#8243; shift_y=\u00bb0&#8243; z_index=\u00bb0&#8243; style=\u00bbinherited\u00bb uncode_shortcode_id=\u00bb136288&#8243;][vc_column column_width_percent=\u00bb100&#8243; position_horizontal=\u00bbleft\u00bb gutter_size=\u00bb3&#8243; overlay_alpha=\u00bb100&#8243; shift_x=\u00bb0&#8243; shift_y=\u00bb0&#8243; shift_y_down=\u00bb0&#8243; z_index=\u00bb0&#8243; medium_width=\u00bb0&#8243; mobile_width=\u00bb0&#8243; zoom_width=\u00bb0&#8243; zoom_height=\u00bb0&#8243; width=\u00bb1\/1&#8243;][uncode_index el_id=\u00bbindex-1&#8243; loop=\u00bbsize:16|order_by:date|order:ASC|post_type:portfolio|tax_query:87|taxonomy_count:10&#8243; gutter_size=\u00bb3&#8243; post_items=\u00bbtitle,media,text,link,author,date,category,extra\u00bb page_items=\u00bbtitle,media,text,category\u00bb product_items=\u00bbtitle,media,text,category\u00bb portfolio_items=\u00bbmedia|featured|onpost|original,title\u00bb screen_lg=\u00bb1200&#8243; screen_md=\u00bb900&#8243; screen_sm=\u00bb480&#8243; single_width=\u00bb3&#8243; images_size=\u00bbfour-five\u00bb single_shape=\u00bbround\u00bb radius=\u00bbxs\u00bb single_overlay_opacity=\u00bb20&#8243; single_image_anim=\u00bbno\u00bb single_padding=\u00bb1&#8243; single_text_reduced=\u00bbyes\u00bb single_title_dimension=\u00bbfontsize-160000&#8243; single_title_weight=\u00bb500&#8243; single_title_transform=\u00bbuppercase\u00bb single_border=\u00bbyes\u00bb single_css_animation=\u00bbalpha-anim\u00bb single_animation_speed=\u00bb800&#8243; post_matrix=\u00bbmatrix\u00bb matrix_amount=\u00bb2&#8243; filtering_menu=\u00bbinline\u00bb single_block_click=\u00bbyes\u00bb single_text_hover=\u00bbyes\u00bb single_no_background=\u00bbyes\u00bb single_half_padding=\u00bbyes\u00bb single_title_bold=\u00bbyes\u00bb footer_position=\u00bbleft\u00bb filtering_transform=\u00bbuppercase\u00bb uncode_shortcode_id=\u00bb103421&#8243; index_back_color_type=\u00bbuncode-palette\u00bb index_back_color_solid=\u00bb#ff0000&#8243; footer_back_color_type=\u00bbuncode-palette\u00bb footer_back_color_solid=\u00bb#ff0000&#8243; order_ids=\u00bb111149,111328,111236,111229,111228,111227,111226,111224,111214,111213,111212,111211,111209,111210&#8243; matrix_items=\u00bbeyIxX2kiOnsiaW1hZ2VzX3NpemUiOiJ0d28tdGhyZWUifSwiMF9pIjp7ImltYWdlc19zaXplIjoib25lLW9uZSJ9fQ==\u00bb][\/vc_column][\/vc_row][vc_row row_height_percent=\u00bb0&#8243; overlay_alpha=\u00bb50&#8243; gutter_size=\u00bb3&#8243; column_width_percent=\u00bb100&#8243; shift_y=\u00bb0&#8243; z_index=\u00bb0&#8243; uncode_shortcode_id=\u00bb133016&#8243; back_color_type=\u00bbuncode-palette\u00bb back_color_solid=\u00bb#ff0000&#8243; overlay_color_type=\u00bbuncode-palette\u00bb overlay_color_solid=\u00bb#ff0000&#8243; css=\u00bb.vc_custom_1658985280150{margin-top: 50px !important;margin-bottom: 100px !important;}\u00bb border_color_type=\u00bbuncode-palette\u00bb border_color_solid=\u00bb#ff0000&#8243;][vc_column width=\u00bb1\/1&#8243;][vc_custom_heading text_color=\u00bbcolor-763025&#8243; heading_semantic=\u00bbh1&#8243; text_size=\u00bbfontsize-160206&#8243; text_weight=\u00bb700&#8243; text_space=\u00bbfontspace-781688&#8243; css_animation=\u00bbmarquee-scroll\u00bb marquee_clone=\u00bbyes\u00bb uncode_shortcode_id=\u00bb125064&#8243; text_color_type=\u00bbuncode-palette\u00bb text_color_solid=\u00bbrgba(255,255,255,0.5)\u00bb]ayudant\u00edas \u00b7[\/vc_custom_heading][\/vc_column][\/vc_row][vc_row][vc_column column_width_percent=\u00bb80&#8243; gutter_size=\u00bb3&#8243; overlay_alpha=\u00bb50&#8243; shift_x=\u00bb0&#8243; shift_y=\u00bb0&#8243; shift_y_down=\u00bb0&#8243; z_index=\u00bb0&#8243; medium_width=\u00bb0&#8243; mobile_width=\u00bb0&#8243; width=\u00bb1\/1&#8243; uncode_shortcode_id=\u00bb303600&#8243; back_color_type=\u00bbuncode-palette\u00bb back_color_solid=\u00bb#ff0000&#8243; overlay_color_type=\u00bbuncode-palette\u00bb overlay_color_solid=\u00bb#ff0000&#8243; border_color_type=\u00bbuncode-palette\u00bb border_color_solid=\u00bb#ff0000&#8243;][vc_tabs typography=\u00bbyes\u00bb width_100=\u00bbyes\u00bb][vc_tab gutter_size=\u00bb2&#8243; column_padding=\u00bb2&#8243; title=\u00bbAYUDANT\u00cdAS DE DIRECCI\u00d3N\u00bb tab_id=\u00bb1658983502-1-85&#8243;][vc_column_text uncode_shortcode_id=\u00bb382266&#8243; text_color_type=\u00bbuncode-palette\u00bb text_color_solid=\u00bb#ff0000&#8243; border_color_type=\u00bbuncode-palette\u00bb border_color_solid=\u00bb#ff0000&#8243;]<\/p>\n<table class=\"listcv\">\n<tbody>\n<tr>\n<td class=\"date\">2021<\/td>\n<td><strong><i>Ingovernables.<\/i><\/strong> Producci\u00f3n: Atiro Hecho y La Rambleta. Texto: Carla Chillida, Pepe Ruiz y Rafa Segura. Direcci\u00f3n: Carla Chillida.<\/td>\n<td><a href=\"https:\/\/atirohecho.wordpress.com\/espectaculos\/ingovernables\/\" target=\"_blank\" rel=\"noopener\">+ INFO<\/a><\/td>\n<\/tr>\n<tr>\n<td class=\"date\">2021<\/td>\n<td><strong><i>Solid\u00e0ries.<\/i><\/strong> Producci\u00f3n: Atiro Hecho. Texto: Patricia Pardo. Direcci\u00f3n: Carla Chillida.<\/td>\n<td><a href=\"https:\/\/atirohecho.wordpress.com\/espectaculos\/les-solidaries\/\" target=\"_blank\" rel=\"noopener\">+ INFO<\/a><\/td>\n<\/tr>\n<tr>\n<td class=\"date\">2021<\/td>\n<td><strong><i> La m\u00e1s fuerte.<\/i><\/strong> Producci\u00f3n: Bramant teatre. Texto: Jer\u00f3nimo Cornelles. Direcci\u00f3n: Chema Carde\u00f1a<\/td>\n<td><a href=\"https:\/\/bramanteatre.com\/espectaculo\/la-mas-fuerte\/\" target=\"_blank\" rel=\"noopener\">+ INFO<\/a><\/td>\n<\/tr>\n<tr>\n<td class=\"date\">2021<\/td>\n<td><strong><i>T\u00edo Vania.<\/i><\/strong> Producci\u00f3n: Bramant teatre. Texto y direcci\u00f3n: Jer\u00f3nimo Cornelles.<\/td>\n<td><a href=\"https:\/\/bramanteatre.com\/espectaculo\/tio-vania\/\" target=\"_blank\" rel=\"noopener\">+ INFO<\/a><\/td>\n<\/tr>\n<tr>\n<td class=\"date\">2021<\/td>\n<td><strong><i>El derrumbamiento del chico inerte.<\/i><\/strong> Producci\u00f3n: CanallaCo Teatre. Texto: Rafa Segura. Direcci\u00f3n: Isabel Mart\u00ed y Rafa Segura.<\/td>\n<td><a href=\"https:\/\/www.youtube.com\/watch?v=JaqBnlwGuwU\" target=\"_blank\" rel=\"noopener\">+ INFO<\/a><\/td>\n<\/tr>\n<tr>\n<td class=\"date\">2021<\/td>\n<td><strong><i>Cenicienta, la magia del musical..<\/i><\/strong> Producci\u00f3n: Eventime Teatro. Direcci\u00f3n: Dani Paz.<\/td>\n<td><a href=\"https:\/\/www.redescena.net\/espectaculo\/27069\/cenicienta-la-magia-del-musical\/\" target=\"_blank\" rel=\"noopener\">+ INFO<\/a><\/td>\n<\/tr>\n<\/tbody>\n<\/table>\n<p>[\/vc_column_text][\/vc_tab][\/vc_tabs][\/vc_column][\/vc_row]<\/p>\n<\/div>","protected":false},"excerpt":{"rendered":"[vc_row unlock_row_content=\u00bbyes\u00bb row_height_percent=\u00bb0&#8243; override_padding=\u00bbyes\u00bb h_padding=\u00bb3&#8243; top_padding=\u00bb3&#8243; bottom_padding=\u00bb3&#8243; overlay_alpha=\u00bb100&#8243; gutter_size=\u00bb100&#8243; column_width_percent=\u00bb100&#8243; shift_y=\u00bb0&#8243; z_index=\u00bb0&#8243; style=\u00bbinherited\u00bb uncode_shortcode_id=\u00bb136288&#8243;][vc_column column_width_percent=\u00bb100&#8243; position_horizontal=\u00bbleft\u00bb gutter_size=\u00bb3&#8243; overlay_alpha=\u00bb100&#8243; shift_x=\u00bb0&#8243; shift_y=\u00bb0&#8243; [&hellip;]","protected":false},"author":1,"featured_media":0,"parent":0,"menu_order":0,"comment_status":"closed","ping_status":"closed","template":"","meta":{"_acf_changed":false,"inline_featured_image":false,"footnotes":"","_links_to":"","_links_to_target":""},"class_list":["post-112807","page","type-page","status-publish","hentry"],"acf":[],"_links":{"self":[{"href":"https:\/\/isabelmarti.com\/es\/wp-json\/wp\/v2\/pages\/112807","targetHints":{"allow":["GET"]}}],"collection":[{"href":"https:\/\/isabelmarti.com\/es\/wp-json\/wp\/v2\/pages"}],"about":[{"href":"https:\/\/isabelmarti.com\/es\/wp-json\/wp\/v2\/types\/page"}],"author":[{"embeddable":true,"href":"https:\/\/isabelmarti.com\/es\/wp-json\/wp\/v2\/users\/1"}],"replies":[{"embeddable":true,"href":"https:\/\/isabelmarti.com\/es\/wp-json\/wp\/v2\/comments?post=112807"}],"version-history":[{"count":1,"href":"https:\/\/isabelmarti.com\/es\/wp-json\/wp\/v2\/pages\/112807\/revisions"}],"predecessor-version":[{"id":112808,"href":"https:\/\/isabelmarti.com\/es\/wp-json\/wp\/v2\/pages\/112807\/revisions\/112808"}],"wp:attachment":[{"href":"https:\/\/isabelmarti.com\/es\/wp-json\/wp\/v2\/media?parent=112807"}],"curies":[{"name":"wp","href":"https:\/\/api.w.org\/{rel}","templated":true}]}}