{"id":112778,"date":"2022-07-12T07:04:07","date_gmt":"2022-07-12T07:04:07","guid":{"rendered":"https:\/\/isabelmarti.com\/politica-de-privacidad\/"},"modified":"2022-08-30T12:06:08","modified_gmt":"2022-08-30T12:06:08","slug":"politica-de-privacidad","status":"publish","type":"page","link":"https:\/\/isabelmarti.com\/es\/politica-de-privacidad\/","title":{"rendered":"Pol\u00edtica de Privacidad"},"content":{"rendered":"<p><strong>1. DATOS DE LA RESPONSABLE DEL TRATAMIENTO<\/strong><\/p>\n<p>Raz\u00f3n Social: ISABEL MART\u00cd PIERA (de ahora en adelante, la \u201cEmpresa\u201d o la \u201cResponsable\u201d).<br \/>\nCorreo electr\u00f3nico para comunicaciones en materia de Protecci\u00f3n de datos: <a href=\"mailto:hola@isabelmarti.com\">hola@isabelmarti.com<\/a><\/p>\n<p><strong>Normativa aplicable<\/strong><\/p>\n<p>Nuestra Pol\u00edtica de Privacidad se ha dise\u00f1ado de acuerdo con el Reglamento General de Protecci\u00f3n de Datos de la UE 2016\/679 del Parlamento Europeo y del Consejo, de 27 de abril de 2016, relativo a la protecci\u00f3n de las personas f\u00edsicas en cuanto al tratamiento de datos personales y a la libre circulaci\u00f3n de estos datos y por el cual se deroga la Directiva 95\/46\/CE (Reglamento general de protecci\u00f3n de datos), y la Ley Org\u00e1nica 3\/2018 del 5 de diciembre, de Protecci\u00f3n de Datos de Car\u00e1cter Personal y Garant\u00eda de los Derechos digitales.<\/p>\n<p>Al facilitarnos sus datos, usted declara haber le\u00eddo y conocer la presente Pol\u00edtica de Privacidad, prestando su consentimiento inequ\u00edvoco y expreso al tratamiento de sus datos personales de acuerdo con las finalidades y t\u00e9rminos aqu\u00ed expresados.<\/p>\n<p>La Empresa podr\u00e1 modificar la presente Pol\u00edtica de Privacidad para adaptarla a las novedades legislativas, jurisprudenciales o de interpretaci\u00f3n de la Agencia Espa\u00f1ola de Protecci\u00f3n de Datos. Estas condiciones de privacidad podr\u00e1n ser complementadas por el Aviso Legal, Pol\u00edtica de Cookies y las Condiciones Generales que, si procede, se recogen para determinados productos o servicios, si este acceso supone alguna especialidad en materia de protecci\u00f3n de datos de car\u00e1cter personal. Delegado de Protecci\u00f3n de Datos. No ha Delegado de Protecci\u00f3n de Datos designado.<\/p>\n<p><strong>FINALIDAD DEL TRATAMIENTO DE LOS DATOS PERSONALES<\/strong><\/p>\n<p>El tratamiento que realizamos de sus datos personales responde a las siguientes finalidades:<br \/>\nProporcionarle informaci\u00f3n relacionada con los productos y servicios que ofrece la Responsable y que se detallan en este sitio web.<br \/>\nRealizar la contrataci\u00f3n de nuestros servicios mediante la aceptaci\u00f3n del correspondiente presupuesto \/ pedido y\/o la firma de un contrato mercantil.<br \/>\nEnviarle por correo electr\u00f3nico y\/o postal las noticias y novedades sobre la empresa, as\u00ed como las actualizaciones de nuestro cat\u00e1logo de productos y servicios.<\/p>\n<p>Plazo de Conservaci\u00f3n de sus datos<br \/>\nConservaremos sus datos personales desde que nos de su consentimiento hasta que lo revoque o bien solicite la limitaci\u00f3n del tratamiento. En tales casos, mantendremos sus datos de manera bloqueada durante los plazos legalmente exigidos.<\/p>\n<p><strong>LEGITIMACI\u00d3N Y DATOS RECAUDADOS<\/strong><\/p>\n<p>La legitimaci\u00f3n para el tratamiento de sus datos es el consentimiento expreso otorgado mediante un acto positivo y afirmativo (rellenar el formulario correspondiente y marcar la casilla de aceptaci\u00f3n de esta pol\u00edtica) en el momento de facilitarnos sus datos personales.<\/p>\n<p><strong>3.1. Consentimiento para tratar sus datos<\/strong><\/p>\n<p>Al rellenar los formularios, marcar la casilla \u201cAcepto la Pol\u00edtica de Privacidad\u201d y hacer clic para enviar los datos, o al remitir correos electr\u00f3nicos a la Responsable a trav\u00e9s de las cuentas habilitadas a tal efecto, el\/la Usuario\/a manifiesta haber le\u00eddo y aceptado expresamente la presente pol\u00edtica de privacidad, y otorga su consentimiento inequ\u00edvoco y expr\u00e9s al tratamiento de sus datos personales conforme a las finalidades indicadas.<\/p>\n<p><strong>3.2. Categor\u00edas de datos<\/strong><\/p>\n<p>Los datos que se recaudan se refieren a la categor\u00eda de datos identificativos, como pueden ser: Nombre y Apellidos, Tel\u00e9fono, Direcci\u00f3n Postal, Empresa, Correo electr\u00f3nico, as\u00ed como la direcci\u00f3n IP desde donde accede al formulario de recogida de datos.<\/p>\n<p><strong>4. MEDIDAS DE SEGURIDAD<\/strong><\/p>\n<p>Dentro de nuestro compromiso para garantizar la seguridad y confidencialidad de sus datos de car\u00e1cter personal, le informamos de que se han adoptado las medidas de \u00edndole t\u00e9cnica y organizativas necesarias para garantizar la seguridad de los datos de car\u00e1cter personal y evitar su alteraci\u00f3n, p\u00e9rdida, tratamiento o acceso no autorizado, teniendo en cuenta el estado de la tecnolog\u00eda, la naturaleza de los datos almacenados y los riesgos a los que est\u00e9n expuestos, seg\u00fan el Arte. 32 del RGPD EU 679\/2016.<\/p>\n<p><strong>5. CESI\u00d3N DE DATOS<\/strong><\/p>\n<p>No se prev\u00e9n cesiones de datos ni transferencias internacionales de los mismos, a excepci\u00f3n de las autorizadas por la legislaci\u00f3n fiscal, mercantil y de telecomunicaciones as\u00ed como en aquellos casos en los que una autoridad judicial nos lo requiera.<\/p>\n<p><strong>6. DERECHOS DEL USUARIO<\/strong><\/p>\n<p>Cualquier interesado\/da tiene derecho a obtener confirmaci\u00f3n sobre si estamos tratando datos personales que le conciernan, o no. Las personas interesadas tienen derecho a acceder a sus datos personales, as\u00ed como a solicitar la rectificaci\u00f3n de los datos inexactos o, en su caso, solicitar su supresi\u00f3n cuando, entre otros motivos, los datos ya no sean necesarios para los motivos que fueron recogidos. En determinadas circunstancias, los\/las interesados\/as podr\u00e1n solicitar la limitaci\u00f3n del tratamiento de sus datos, y en este caso \u00fanicamente los conservaremos para el ejercicio o la defensa de reclamaciones. Por motivos relacionados con su situaci\u00f3n particular, los\/las interesados\/as podr\u00e1n oponerse al tratamiento de sus datos. La Responsable del fichero dejar\u00e1 de tratar los datos, excepto por motivos leg\u00edtimos imperiosos, o el ejercicio o la defensa de posibles reclamaciones.<\/p>\n<p>De acuerdo con la legislaci\u00f3n vigente tiene los siguientes derechos: derecho a solicitar el acceso a sus datos personales, derecho a solicitar su rectificaci\u00f3n o supresi\u00f3n, derecho a solicitar la limitaci\u00f3n de su tratamiento, derecho a oponerse al tratamiento, derecho a la portabilidad de los datos y as\u00ed mismo, a revocar el consentimiento otorgado.<\/p>\n<p><strong>6.1. \u00bfC\u00f3mo ejercitar mis derechos?<\/strong><\/p>\n<p>Para ejercer sus derechos, tiene que dirigirse a la responsable, solicitando el correspondiente formulario para el ejercicio del derecho elegido. Opcionalmente, puede acudir a la Autoridad de Control competente para obtener informaci\u00f3n adicional sobre sus derechos. El contacto para el ejercicio de sus derechos es el correo electr\u00f3nico: hola@isabelmarti.com. Recuerde acompa\u00f1ar una copia de un documento que nos permita identificarle.<\/p>\n<p><strong>7. CONSENTIMIENTO PARA ENV\u00cdO DE COMUNICACIONES ELECTR\u00d3NICAS<\/strong><\/p>\n<p>As\u00ed mismo, y de acuerdo con lo establecido en la Ley 34\/2002, de 11 de julio, de Servicios de la Sociedad de la Informaci\u00f3n y del Comercio Electr\u00f3nico, completando el formulario de recogida de datos y marcando la correspondiente casilla \u201cAcepto el env\u00edo de comunicaciones electr\u00f3nicas\u201d, est\u00e1 otorgando el consentimiento expreso para enviarle a su direcci\u00f3n de correo electr\u00f3nico, tel\u00e9fono, fax u otro medio electr\u00f3nico informaci\u00f3n sobre la Responsable.<\/p>\n","protected":false},"excerpt":{"rendered":"1. DATOS DE LA RESPONSABLE DEL TRATAMIENTO Raz\u00f3n Social: ISABEL MART\u00cd PIERA (de ahora en adelante, la \u201cEmpresa\u201d o la [&hellip;]","protected":false},"author":1,"featured_media":0,"parent":0,"menu_order":0,"comment_status":"closed","ping_status":"closed","template":"","meta":{"_acf_changed":false,"inline_featured_image":false,"footnotes":"","_links_to":"","_links_to_target":""},"class_list":["post-112778","page","type-page","status-publish","hentry"],"acf":[],"_links":{"self":[{"href":"https:\/\/isabelmarti.com\/es\/wp-json\/wp\/v2\/pages\/112778","targetHints":{"allow":["GET"]}}],"collection":[{"href":"https:\/\/isabelmarti.com\/es\/wp-json\/wp\/v2\/pages"}],"about":[{"href":"https:\/\/isabelmarti.com\/es\/wp-json\/wp\/v2\/types\/page"}],"author":[{"embeddable":true,"href":"https:\/\/isabelmarti.com\/es\/wp-json\/wp\/v2\/users\/1"}],"replies":[{"embeddable":true,"href":"https:\/\/isabelmarti.com\/es\/wp-json\/wp\/v2\/comments?post=112778"}],"version-history":[{"count":12,"href":"https:\/\/isabelmarti.com\/es\/wp-json\/wp\/v2\/pages\/112778\/revisions"}],"predecessor-version":[{"id":113015,"href":"https:\/\/isabelmarti.com\/es\/wp-json\/wp\/v2\/pages\/112778\/revisions\/113015"}],"wp:attachment":[{"href":"https:\/\/isabelmarti.com\/es\/wp-json\/wp\/v2\/media?parent=112778"}],"curies":[{"name":"wp","href":"https:\/\/api.w.org\/{rel}","templated":true}]}}