{"id":112776,"date":"2022-07-29T15:50:30","date_gmt":"2022-07-29T15:50:30","guid":{"rendered":"https:\/\/isabelmarti.com\/aviso-legal\/"},"modified":"2022-08-26T05:10:27","modified_gmt":"2022-08-26T05:10:27","slug":"aviso-legal","status":"publish","type":"page","link":"https:\/\/isabelmarti.com\/es\/aviso-legal\/","title":{"rendered":"Aviso legal"},"content":{"rendered":"<p>Con el fin de dar cumplimiento al art\u00edculo 10 de la Ley 34\/2002 de Servicios de la Sociedad de la Informaci\u00f3n y Comercio Electr\u00f3nico, informamos al usuario de nuestros datos:<br \/>\nDenominaci\u00f3n Social: ISABEL MART\u00cd PIERA<br \/>\ne-mail: <a href=\"mailto:hola@isabelmarti.com\">hola@isabelmarti.com<\/a><br \/>\nP\u00e1gina web: <a href=\"https:\/\/www.isabelmarti.com\">www.isabelmarti.com<\/a><\/p>\n<p><strong>Objeto<\/strong><\/p>\n<p>La prestadora, responsable del sitio web, pone a disposici\u00f3n de los usuarios el presente documento con el cual pretende dar cumplimiento a las obligaciones dispuestas en la Ley 34\/2002, de Servicios de la Sociedad de la Informaci\u00f3n y del Comercio Electr\u00f3nico (LSSI-CE), as\u00ed como informar a todos los usuarios del sitio web respecto a cu\u00e1les son las condiciones de uso del sitio web.<\/p>\n<p>Toda persona que acceda a este sitio web asume el papel de usuario\/a, comprometi\u00e9ndose a la observancia y cumplimiento riguroso de las disposiciones aqu\u00ed expuestas, as\u00ed como a cualquier otra disposici\u00f3n legal que fuera aplicable. La prestadora se reserva el derecho a modificar cualquier tipo de informaci\u00f3n que pudiera aparecer en el sitio web, sin que exista obligaci\u00f3n de preavisar o poner en conocimiento de los usuarios estas obligaciones, entendi\u00e9ndose como suficiente con la publicaci\u00f3n en el sitio web de la prestadora.<\/p>\n<p><strong>Responsabilidad<\/strong><\/p>\n<p>La Prestadora se exime de cualquier tipo de responsabilidad derivada de la informaci\u00f3n publicada en su sitio web, siempre que esta informaci\u00f3n haya sido manipulada o introducida por un tercero ajeno a esta.<\/p>\n<p>El sitio web de la Prestadora puede utilizar cookies (peque\u00f1os archivos de informaci\u00f3n que el servidor env\u00eda al ordenador de quien accede en la p\u00e1gina) para llevar a cabo determinadas funciones que son consideradas imprescindibles para el correcto funcionamiento y visualizaci\u00f3n del lugar. Las cookies utilizadas en el sitio web tienen, en todo caso, car\u00e1cter temporal con la \u00fanica finalidad de hacer m\u00e1s eficaz su transmisi\u00f3n ulterior y desaparecen al acabar la sesi\u00f3n del usuario. En ning\u00fan caso se utilizar\u00e1n las cookies para recoger informaci\u00f3n de car\u00e1cter personal.<\/p>\n<p>Desde este sitio web es posible que se redirija a contenidos de terceros sitios web. Dado que la Prestadora no puede controlar siempre los contenidos introducidos por los terceros en sus sitios web, esta no asume ning\u00fan tipo de responsabilidad respecto a estos contenidos. En todo caso, la Prestadora manifiesta que proceder\u00e1 a la retirada inmediata de cualquier contenido que pudiera contravenir la legislaci\u00f3n nacional o internacional, la moral o el orden p\u00fablico, procediendo a la retirada inmediata de la redirecci\u00f3n a este sitio web, poniendo en conocimiento de las autoridades competentes el contenido en cuesti\u00f3n.<\/p>\n<p>La Prestadora no se hace responsable de la informaci\u00f3n y contenidos almacenados, a t\u00edtulo enunciativo pero no limitativo, en foros, chats, generadores de blogs, comentarios, redes sociales o cualquier otro medio que permita a terceros publicar contenidos de manera independiente en la p\u00e1gina web de la Prestadora.<\/p>\n<p>Sin embargo y en cumplimiento del que se dispone en el arte. 11 y 16 de la LSSI-CE, la Prestadora se pone a disposici\u00f3n de todos los usuarios, autoridades y fuerzas de seguridad, y colaborando de manera activa en la retirada o en su caso bloqueo de todos aquellos contenidos que pudieran afectar o contravenir la legislaci\u00f3n nacional, o internacional, derechos de terceros o la moral y el orden p\u00fablico. En caso de que el usuario\/a considero que existe en el sitio web alg\u00fan contenido que pudiera ser susceptible de esta clasificaci\u00f3n, se ruega lo notifique de manera inmediata a la administradora del sitio web.<\/p>\n<p>Este sitio web ha sido revisado y probado para que funcione correctamente. En principio, puede garantizarse su correcto funcionamiento los 365 d\u00edas del a\u00f1o, 24 horas en el d\u00eda. Sin embargo, la Prestadora no descarta la posibilidad de que existan ciertos errores de programaci\u00f3n, o que acontezcan causas de fuerza mayor, cat\u00e1strofes naturales, huelgas, o circunstancias parecidas que hagan imposible el acceso a la p\u00e1gina web.<\/p>\n<p><strong>Propiedad Intelectual e industrial<\/strong><\/p>\n<p>El sitio web, incluyendo t\u00edtulo enunciativo pero no limitativo su programaci\u00f3n, edici\u00f3n, compilaci\u00f3n y otros elementos necesarios para su funcionamiento, los dise\u00f1os, logotipos, texto y\/o gr\u00e1ficos son propiedad de la Prestadora o en su caso dispone de licencia o autorizaci\u00f3n expresa por parte de los autores y las autoras.<\/p>\n<p>Todos los contenidos del sitio web se encuentran debidamente protegidos por la normativa de propiedad intelectual e industrial, as\u00ed como inscritos en los registros p\u00fablicos correspondientes. Independientemente de la finalidad para la cual fueron destinados, la reproducci\u00f3n total o parcial, uso, explotaci\u00f3n, distribuci\u00f3n y comercializaci\u00f3n, requiere en todo caso de la autorizaci\u00f3n escrita previa por parte de la Prestadora. Cualquier uso no autorizado previamente por parte de la Prestadora ser\u00e1 considerado un incumplimiento grave de los derechos de propiedad intelectual o industrial del autor.<\/p>\n<p>Los dise\u00f1os, logotipos, texto y\/o gr\u00e1ficos ajenos a la Prestadora y que pudieran aparecer en el sitio web, pertenecen a sus respectivos\/vas propietarios\/as, siendo ellos\/as mismos\/as responsables de cualquier posible controversia que pudiera suscitarse respecto a estos. En todo caso, la Prestadora cuenta con la autorizaci\u00f3n expresa y previa por parte de estos\/as.<\/p>\n<p>La Prestadora NO AUTORIZA expresamente a que terceros puedan redirigir directamente a los contenidos concretos del sitio web, debiendo en todo caso redirigir al sitio web principal de la Prestadora.<\/p>\n<p>La Prestadora reconoce a favor de sus titulares los correspondientes derechos de propiedad industrial e intelectual, no implicando su sola menci\u00f3n o aparici\u00f3n en el sitio web la existencia de derechos o ninguna responsabilidad de la Prestadora sobre estos\/as, como tampoco apoyo, patrocinio o recomendaci\u00f3n por parte de esta.<\/p>\n<p>Para realizar cualquier tipo de observaci\u00f3n respecto a posibles incumplimientos de los derechos de propiedad intelectual o industrial, as\u00ed como sobre cualquiera de los contenidos del sitio web, puede hacerlo a trav\u00e9s del siguiente correo electr\u00f3nico: hola@isabelmarti.com<\/p>\n<p><strong>Veracidad de la informaci\u00f3n<\/strong><\/p>\n<p>Toda la informaci\u00f3n que facilita el Usuario\/a tiene que ser veraz. A tal efecto, el Usuario\/a garantiza la autenticidad de los datos comunicados a trav\u00e9s de los formularios para la suscripci\u00f3n de los Servicios.<\/p>\n<p>Ser\u00e1 responsabilidad del Usuario\/a mantener toda la informaci\u00f3n facilitada a ISABEL MART\u00cd PIERA permanentemente actualizada de forma que responda, en cada momento, a su situaci\u00f3n real. En todo caso, el Usuario\/a ser\u00e1 el \u00fanico\/a responsable de las manifestaciones falsas o inexactas que realice y de los perjuicios que cause a la Prestadora o a terceros.<\/p>\n<p><strong>Menores de edad<\/strong><\/p>\n<p>Para el uso de los servicios, los\/las menores de edad tienen que obtener siempre previamente el consentimiento de los padres\/madres, tutores\/as o representantes legales, responsables \u00faltimos\/as de todos los actos realizados por los\/las menores a su cargo. La responsabilidad en la determinaci\u00f3n de contenidos concretos a los cuales acceden los\/las menores corresponde a aquellos\/as, es por eso que si acceden a contenidos no apropiados por Internet, habr\u00e1 que establecer en sus ordenadores mecanismos, en particular programas inform\u00e1ticos, filtros y bloqueos, que permitan limitar los contenidos disponibles; a pesar de que no sean infalibles, son de especial utilidad para controlar y restringir los materiales a los cuales pueden acceder los\/las menores.<\/p>\n<p><strong>Obligaci\u00f3n de hacer un uso correcto de la Web<\/strong><\/p>\n<p>El Usuario\/a se compromete a utilizar la Web de conformidad a la Ley y al presente Aviso Legal, as\u00ed como a la moral y a las buenas costumbres. A tal efecto, el Usuario\/a se abstendr\u00e1 de utilizar la p\u00e1gina con fines il\u00edcitos o prohibidos, lesivos de derechos e intereses de terceros, o que de cualquier forma puedan da\u00f1ar, inutilizar, sobrecargar, deteriorar o impedir la normal utilizaci\u00f3n de equipos inform\u00e1ticos o documentos, archivos y toda clase de contenidos almacenados en cualquier equipo inform\u00e1tico de la Prestadora.<\/p>\n<p>En particular, y a t\u00edtulo indicativo pero no exhaustivo, el\/la Usuario\/a se compromete a no transmitir, difundir o poner a disposici\u00f3n de terceros informaciones, datos, contenidos, mensajes, gr\u00e1ficos, dibujos, archivos de sonido o imagen, fotograf\u00edas, grabaciones, software y, en general, cualquier clase de material que:<br \/>\n(a) sea contrario, desprecie o atente contra los derechos fundamentales y las libertades p\u00fablicas reconocidas constitucionalmente, en tratados internacionales y otras normas vigentes;<br \/>\n(b) induzca, incite o promueva actuaciones delictivas, denigrantes, difamatorias, violentas o, en general, contrarias a la ley, a la moral y al orden p\u00fablico;<br \/>\n(c) induzca, incite o promueva actuaciones, actitudes o pensamientos discriminatorios por raz\u00f3n de sexo, raza, religi\u00f3n, creencias, edad o condici\u00f3n;<br \/>\n(d) sea contrario al derecho al honor, a la intimidad personal o familiar o a la propia imagen de las personas;<br \/>\n(e) de cualquier manera perjudique la credibilidad de la Prestadora o de terceros;<br \/>\n(f) constituya publicidad il\u00edcita, enga\u00f1osa o desleal.<\/p>\n<p><strong>Ley Aplicable y Jurisdicci\u00f3n<\/strong><\/p>\n<p>Para la resoluci\u00f3n de todas las controversias o cuestiones relacionadas con el presente sitio web o de las actividades en \u00e9l desarrolladas, ser\u00e1 aplicable la legislaci\u00f3n espa\u00f1ola, a la cual se someten expresamente las partes, siendo competentes para la resoluci\u00f3n de todos los conflictos derivados o relacionados con su uso los Juzgados y Tribunales de Valencia.<\/p>\n","protected":false},"excerpt":{"rendered":"Con el fin de dar cumplimiento al art\u00edculo 10 de la Ley 34\/2002 de Servicios de la Sociedad de la [&hellip;]","protected":false},"author":3,"featured_media":0,"parent":0,"menu_order":0,"comment_status":"closed","ping_status":"closed","template":"","meta":{"_acf_changed":false,"inline_featured_image":false,"footnotes":"","_links_to":"","_links_to_target":""},"class_list":["post-112776","page","type-page","status-publish","hentry"],"acf":[],"_links":{"self":[{"href":"https:\/\/isabelmarti.com\/es\/wp-json\/wp\/v2\/pages\/112776","targetHints":{"allow":["GET"]}}],"collection":[{"href":"https:\/\/isabelmarti.com\/es\/wp-json\/wp\/v2\/pages"}],"about":[{"href":"https:\/\/isabelmarti.com\/es\/wp-json\/wp\/v2\/types\/page"}],"author":[{"embeddable":true,"href":"https:\/\/isabelmarti.com\/es\/wp-json\/wp\/v2\/users\/3"}],"replies":[{"embeddable":true,"href":"https:\/\/isabelmarti.com\/es\/wp-json\/wp\/v2\/comments?post=112776"}],"version-history":[{"count":1,"href":"https:\/\/isabelmarti.com\/es\/wp-json\/wp\/v2\/pages\/112776\/revisions"}],"predecessor-version":[{"id":112777,"href":"https:\/\/isabelmarti.com\/es\/wp-json\/wp\/v2\/pages\/112776\/revisions\/112777"}],"wp:attachment":[{"href":"https:\/\/isabelmarti.com\/es\/wp-json\/wp\/v2\/media?parent=112776"}],"curies":[{"name":"wp","href":"https:\/\/api.w.org\/{rel}","templated":true}]}}